{"id":258,"date":"2025-05-25T14:07:18","date_gmt":"2025-05-25T14:07:18","guid":{"rendered":"https:\/\/www.ldtd.ro\/?page_id=258"},"modified":"2025-05-25T15:02:10","modified_gmt":"2025-05-25T15:02:10","slug":"","status":"publish","type":"page","link":"https:\/\/www.ldtd.ro\/en\/colectia-ioan-massoff\/colectia-vetuta-pop\/","title":{"rendered":"\"Vetu\u021ba Pop\" Collection","raw":"\"Vetu\u021ba Pop\" Collection"},"content":{"rendered":"\n<div class=\"wp-block-media-text is-stacked-on-mobile\" style=\"grid-template-columns:20% auto\"><figure class=\"wp-block-media-text__media\"><img loading=\"lazy\" decoding=\"async\" width=\"256\" height=\"311\" src=\"https:\/\/www.ldtd.ro\/wp-content\/uploads\/2025\/05\/Vetuta-Pop.jpeg\" alt=\"\" class=\"wp-image-263 size-full\" srcset=\"https:\/\/www.ldtd.ro\/wp-content\/uploads\/2025\/05\/Vetuta-Pop.jpeg 256w, https:\/\/www.ldtd.ro\/wp-content\/uploads\/2025\/05\/Vetuta-Pop-247x300.jpeg 247w\" sizes=\"auto, (max-width: 256px) 100vw, 256px\" \/><\/figure><div class=\"wp-block-media-text__content\">\n<p><strong>This unique collection brings together over 200 letters received by Vetu\u021ba Pop, literary secretary at the State Theatre in Oradea, over several decades of activity.<\/strong>&nbsp;A figure universally respected in Romanian theatre circles, Vetu\u021ba Pop maintained a steady, often intimate correspondence with some of the most important playwrights, directors, actors, translators, and literary secretaries of the time.<\/p>\n\n\n\n<p>The letters reflect not only the everyday working mechanisms of a theatre institution during the communist and post-communist periods, but also the complex cultural, artistic, and human relationships that animated Romanian theatrical life in the second half of the 20th century.<\/p>\n\n\n\n<p>Ranging from professional exchanges to personal confessions, the collection offers a rare perspective on the backstage dynamics of repertoire building, text selection, translation processes, and creative collaborations. At the same time, it captures the tone, style, and concerns of an intellectual community navigating between artistic integrity, censorship, and transformation.<\/p>\n\n\n\n<p>Currently being catalogued, digitized, and annotated, the Vetu\u021ba Pop archive will soon become accessible for research, shedding light on an essential yet often invisible dimension of theatrical creation: the literary and dramaturgical work behind the scenes.<\/p>\n<\/div><\/div>\n\n\n\n<p><\/p>\n","protected":false,"raw":"<!-- wp:media-text {\"mediaId\":263,\"mediaLink\":\"https:\/\/www.ldtd.ro\/en\/colectia-ioan-massoff\/colectia-vetuta-pop\/vetuta-pop\/\",\"mediaType\":\"image\",\"mediaWidth\":20} -->\n<div class=\"wp-block-media-text is-stacked-on-mobile\" style=\"grid-template-columns:20% auto\"><figure class=\"wp-block-media-text__media\"><img src=\"https:\/\/www.ldtd.ro\/wp-content\/uploads\/2025\/05\/Vetuta-Pop.jpeg\" alt=\"\" class=\"wp-image-263 size-full\"\/><\/figure><div class=\"wp-block-media-text__content\"><!-- wp:paragraph {\"placeholder\":\"Con\u021binut...\"} -->\n<p><strong>This unique collection brings together over 200 letters received by Vetu\u021ba Pop, literary secretary at the State Theatre in Oradea, over several decades of activity.<\/strong>&nbsp;A figure universally respected in Romanian theatre circles, Vetu\u021ba Pop maintained a steady, often intimate correspondence with some of the most important playwrights, directors, actors, translators, and literary secretaries of the time.<\/p>\n<!-- \/wp:paragraph -->\n\n<!-- wp:paragraph -->\n<p>The letters reflect not only the everyday working mechanisms of a theatre institution during the communist and post-communist periods, but also the complex cultural, artistic, and human relationships that animated Romanian theatrical life in the second half of the 20th century.<\/p>\n<!-- \/wp:paragraph -->\n\n<!-- wp:paragraph -->\n<p>Ranging from professional exchanges to personal confessions, the collection offers a rare perspective on the backstage dynamics of repertoire building, text selection, translation processes, and creative collaborations. At the same time, it captures the tone, style, and concerns of an intellectual community navigating between artistic integrity, censorship, and transformation.<\/p>\n<!-- \/wp:paragraph -->\n\n<!-- wp:paragraph {\"placeholder\":\"Con\u021binut...\"} -->\n<p>Currently being catalogued, digitized, and annotated, the Vetu\u021ba Pop archive will soon become accessible for research, shedding light on an essential yet often invisible dimension of theatrical creation: the literary and dramaturgical work behind the scenes.<\/p>\n<!-- \/wp:paragraph --><\/div><\/div>\n<!-- \/wp:media-text -->\n\n<!-- wp:paragraph -->\n<p><\/p>\n<!-- \/wp:paragraph -->"},"excerpt":{"rendered":"","protected":false,"raw":""},"author":1,"featured_media":0,"parent":156,"menu_order":0,"comment_status":"closed","ping_status":"closed","template":"","meta":{"_ro_post_content":"<!-- wp:media-text {\"mediaId\":263,\"mediaLink\":\"https:\/\/www.ldtd.ro\/colectia-ioan-massoff\/colectia-vetuta-pop\/vetuta-pop\/\",\"mediaType\":\"image\",\"mediaWidth\":20} -->\n<div class=\"wp-block-media-text is-stacked-on-mobile\" style=\"grid-template-columns:20% auto\"><figure class=\"wp-block-media-text__media\"><img src=\"https:\/\/www.ldtd.ro\/wp-content\/uploads\/2025\/05\/Vetuta-Pop.jpeg\" alt=\"\" class=\"wp-image-263 size-full\"\/><\/figure><div class=\"wp-block-media-text__content\"><!-- wp:paragraph {\"placeholder\":\"Con\u021binut...\"} -->\n<p>Aceast\u0103 colec\u021bie unic\u0103 reune\u0219te peste 200 de scrisori primite de <strong>Vetu\u021ba Pop<\/strong>, secretar literar la Teatrul de Stat din Oradea, de-a lungul mai multor decenii de activitate. Figur\u0103 unanim respectat\u0103 \u00een cercurile teatrale din Rom\u00e2nia, Vetu\u021ba Pop a \u00eentre\u021binut o coresponden\u021b\u0103 constant\u0103, adesea intim\u0103, cu unii dintre cei mai importan\u021bi dramaturgi, regizori, actori, traduc\u0103tori \u0219i secretari literari ai vremii.<\/p>\n<!-- \/wp:paragraph -->\n\n<!-- wp:paragraph -->\n<p>Documentele au fost donate direct laboratorului chiar de c\u0103tre Vetu\u021ba Pop, ca gest de generozitate \u0219i responsabilitate fa\u021b\u0103 de istoria teatrului rom\u00e2nesc.<\/p>\n<!-- \/wp:paragraph -->\n\n<!-- wp:paragraph -->\n<p>Scrisorile reflect\u0103 nu doar mecanismele de lucru cotidiene ale unei institu\u021bii teatrale \u00een perioada comunist\u0103 \u0219i postcomunist\u0103, ci \u0219i rela\u021biile culturale, artistice \u0219i umane complexe care animau via\u021ba teatral\u0103 rom\u00e2neasc\u0103 \u00een a doua jum\u0103tate a secolului XX.<\/p>\n<!-- \/wp:paragraph -->\n\n<!-- wp:paragraph -->\n<p>De la schimburi profesionale p\u00e2n\u0103 la confesiuni personale, colec\u021bia ofer\u0103 o perspectiv\u0103 rar\u0103 asupra dinamicii din culisele construirii repertoriului, selec\u021biei textelor, proceselor de traducere \u0219i colabor\u0103rilor creative. Totodat\u0103, surprinde tonul, stilul \u0219i preocup\u0103rile unei comunit\u0103\u021bi intelectuale care naviga \u00eentre integritate artistic\u0103, cenzur\u0103 \u0219i transformare.<\/p>\n<!-- \/wp:paragraph -->\n\n<!-- wp:paragraph {\"placeholder\":\"Con\u021binut...\"} -->\n<p>Aflat \u00een curs de catalogare, digitizare \u0219i adnotare, <strong>fondul Vetu\u021ba Pop<\/strong> va deveni \u00een cur\u00e2nd accesibil pentru cercetare, aduc\u00e2nd la lumin\u0103 o dimensiune esen\u021bial\u0103, dar adesea invizibil\u0103, a crea\u021biei teatrale: munca literar\u0103 \u0219i dramaturgic\u0103 din spatele scenei.<\/p>\n<!-- \/wp:paragraph --><\/div><\/div>\n<!-- \/wp:media-text -->\n\n<!-- wp:paragraph -->\n<p><\/p>\n<!-- \/wp:paragraph -->","_ro_post_name":"colectia-vetuta-pop","_ro_post_excerpt":"","_ro_post_title":"Colec\u021bia \u201eVetu\u021ba Pop\u201d","_en_post_content":"<!-- wp:media-text {\"mediaId\":263,\"mediaLink\":\"https:\/\/www.ldtd.ro\/en\/colectia-ioan-massoff\/colectia-vetuta-pop\/vetuta-pop\/\",\"mediaType\":\"image\",\"mediaWidth\":20} -->\n<div class=\"wp-block-media-text is-stacked-on-mobile\" style=\"grid-template-columns:20% auto\"><figure class=\"wp-block-media-text__media\"><img src=\"https:\/\/www.ldtd.ro\/wp-content\/uploads\/2025\/05\/Vetuta-Pop.jpeg\" alt=\"\" class=\"wp-image-263 size-full\"\/><\/figure><div class=\"wp-block-media-text__content\"><!-- wp:paragraph {\"placeholder\":\"Con\u021binut...\"} -->\n<p><strong>This unique collection brings together over 200 letters received by Vetu\u021ba Pop, literary secretary at the State Theatre in Oradea, over several decades of activity.<\/strong>&nbsp;A figure universally respected in Romanian theatre circles, Vetu\u021ba Pop maintained a steady, often intimate correspondence with some of the most important playwrights, directors, actors, translators, and literary secretaries of the time.<\/p>\n<!-- \/wp:paragraph -->\n\n<!-- wp:paragraph -->\n<p>The letters reflect not only the everyday working mechanisms of a theatre institution during the communist and post-communist periods, but also the complex cultural, artistic, and human relationships that animated Romanian theatrical life in the second half of the 20th century.<\/p>\n<!-- \/wp:paragraph -->\n\n<!-- wp:paragraph -->\n<p>Ranging from professional exchanges to personal confessions, the collection offers a rare perspective on the backstage dynamics of repertoire building, text selection, translation processes, and creative collaborations. At the same time, it captures the tone, style, and concerns of an intellectual community navigating between artistic integrity, censorship, and transformation.<\/p>\n<!-- \/wp:paragraph -->\n\n<!-- wp:paragraph {\"placeholder\":\"Con\u021binut...\"} -->\n<p>Currently being catalogued, digitized, and annotated, the Vetu\u021ba Pop archive will soon become accessible for research, shedding light on an essential yet often invisible dimension of theatrical creation: the literary and dramaturgical work behind the scenes.<\/p>\n<!-- \/wp:paragraph --><\/div><\/div>\n<!-- \/wp:media-text -->\n\n<!-- wp:paragraph -->\n<p><\/p>\n<!-- \/wp:paragraph -->","_en_post_name":"","_en_post_excerpt":"","_en_post_title":"\"Vetu\u021ba Pop\" Collection","_hu_post_content":"","_hu_post_name":"","_hu_post_excerpt":"","_hu_post_title":"","edit_language":"en","footnotes":""},"class_list":["post-258","page","type-page","status-publish","hentry"],"blocksy_meta":[],"_links":{"self":[{"href":"https:\/\/www.ldtd.ro\/en\/wp-json\/wp\/v2\/pages\/258","targetHints":{"allow":["GET"]}}],"collection":[{"href":"https:\/\/www.ldtd.ro\/en\/wp-json\/wp\/v2\/pages"}],"about":[{"href":"https:\/\/www.ldtd.ro\/en\/wp-json\/wp\/v2\/types\/page"}],"author":[{"embeddable":true,"href":"https:\/\/www.ldtd.ro\/en\/wp-json\/wp\/v2\/users\/1"}],"replies":[{"embeddable":true,"href":"https:\/\/www.ldtd.ro\/en\/wp-json\/wp\/v2\/comments?post=258"}],"version-history":[{"count":4,"href":"https:\/\/www.ldtd.ro\/en\/wp-json\/wp\/v2\/pages\/258\/revisions"}],"predecessor-version":[{"id":266,"href":"https:\/\/www.ldtd.ro\/en\/wp-json\/wp\/v2\/pages\/258\/revisions\/266"}],"up":[{"embeddable":true,"href":"https:\/\/www.ldtd.ro\/en\/wp-json\/wp\/v2\/pages\/156"}],"wp:attachment":[{"href":"https:\/\/www.ldtd.ro\/en\/wp-json\/wp\/v2\/media?parent=258"}],"curies":[{"name":"wp","href":"https:\/\/api.w.org\/{rel}","templated":true}]}}