{"id":156,"date":"2022-05-27T13:10:30","date_gmt":"2022-05-27T13:10:30","guid":{"rendered":"https:\/\/www.ldtd.ro\/?page_id=156"},"modified":"2025-05-25T15:29:55","modified_gmt":"2025-05-25T15:29:55","slug":"","status":"publish","type":"page","link":"https:\/\/www.ldtd.ro\/hu\/colectia-ioan-massoff\/","title":{"rendered":"","raw":""},"content":{"rendered":"","protected":false,"raw":""},"excerpt":{"rendered":"","protected":false,"raw":""},"author":1,"featured_media":0,"parent":0,"menu_order":0,"comment_status":"closed","ping_status":"closed","template":"","meta":{"_ro_post_content":"<!-- wp:paragraph -->\n<p><strong>Colec\u021bia \u201eIoan Massoff\u201d<\/strong> este un sanctuar esen\u021bial al memoriei teatrului rom\u00e2nesc, o arhiv\u0103 vie care supravie\u021buie\u0219te \u00eentr-un peisaj cultural \u00een care grija pentru patrimoniul teatral este aproape inexistent\u0103. Denumit\u0103 dup\u0103 marele istoric al teatrului rom\u00e2nesc, colec\u021bia concentreaz\u0103 peste 8.000 de fotografii tip\u0103rite, cea mai mare colec\u021bie de programe de teatru din Rom\u00e2nia \u0219i arhive personale ale unor arti\u0219ti emblematici.<\/p>\n<!-- \/wp:paragraph -->\n\n<!-- wp:paragraph -->\n<p>Aceste materiale, care documenteaz\u0103 teatrul rom\u00e2nesc de la anii \u201940 p\u00e2n\u0103 \u00een prezent, sunt p\u0103strate \u00een condi\u021bii optime \u0219i \u00een curs de digitalizare, pentru a asigura accesul \u0219i conservarea pe termen lung.<\/p>\n<!-- \/wp:paragraph -->\n\n<!-- wp:paragraph -->\n<p>Viitorul colec\u021biei este ambi\u021bios: construim o baz\u0103 de date integrat\u0103, \u201etoate \u00eentr-un singur loc\u201d, care s\u0103 conecteze \u0219i s\u0103 valorifice toate aceste resurse. \u00cen plus, dorim ca aceast\u0103 arhiv\u0103 s\u0103 devin\u0103 un instrument esen\u021bial \u00een educa\u021bia studen\u021bilor, ajut\u00e2ndu-i s\u0103 \u00een\u021beleag\u0103 \u0219i s\u0103 simt\u0103 istoria teatrului rom\u00e2nesc dincolo de paginile c\u0103r\u021bilor.<\/p>\n<!-- \/wp:paragraph -->\n\n<!-- wp:paragraph -->\n<p>Cercet\u0103torii \u0219i pasiona\u021bii sunt bineveni\u021bi s\u0103 consulte materialele la sediu sau s\u0103 solicite acces la versiunile digitalizate.<\/p>\n<!-- \/wp:paragraph -->\n\n<!-- wp:paragraph {\"align\":\"center\"} -->\n<p class=\"has-text-align-center\"><strong>Fonduri \u0219i colec\u021bii<\/strong><\/p>\n<!-- \/wp:paragraph -->\n\n<!-- wp:columns -->\n<div class=\"wp-block-columns\"><!-- wp:column -->\n<div class=\"wp-block-column\"><!-- wp:paragraph -->\n<p><a href=\"https:\/\/www.ldtd.ro\/colectia-ioan-massoff\/fondul-ileana-berlogea\/\" data-type=\"page\" data-id=\"161\">Fondul Ileana Berlogea<\/a> (caiete program)<br><a href=\"https:\/\/www.ldtd.ro\/colectia-ioan-massoff\/fondul-florica-ichim\/\" data-type=\"page\" data-id=\"167\">Fondul Florica Ichim<\/a> (fotografii, documente, caiete program)<br>Fondul Lucian Giurchescu (caiete de regie, auto-arhiv\u0103)<\/p>\n<!-- \/wp:paragraph -->\n\n<!-- wp:paragraph -->\n<p><\/p>\n<!-- \/wp:paragraph --><\/div>\n<!-- \/wp:column -->\n\n<!-- wp:column -->\n<div class=\"wp-block-column\"><!-- wp:paragraph -->\n<p><a href=\"https:\/\/www.ldtd.ro\/colectia-ioan-massoff\/colectia-vetuta-pop\/\" data-type=\"page\" data-id=\"258\">Colec\u021bia \u201eVetu\u021ba Pop\u201d<\/a> (coresponden\u021b\u0103)<br>Colec\u021bia Oana Cristea-Grigorescu (caiete program)<\/p>\n<!-- \/wp:paragraph --><\/div>\n<!-- \/wp:column --><\/div>\n<!-- \/wp:columns -->\n\n<!-- wp:paragraph -->\n<p><\/p>\n<!-- \/wp:paragraph -->\n\n<!-- wp:paragraph -->\n<p><\/p>\n<!-- \/wp:paragraph -->","_ro_post_name":"colectia-ioan-massoff","_ro_post_excerpt":"","_ro_post_title":"COLEC\u021aIA IOAN MASSOFF","_en_post_content":"<!-- wp:paragraph -->\n<p><strong>The \u201eIoan Massoff\u201d Collection<\/strong> is a vital sanctuary of Romanian theatre memory, a living archive that survives in a cultural landscape where care for theatrical heritage is nearly absent. Named after the great historian of Romanian theatre, the collection brings together over 8,000 printed photographs, the largest collection of theatre programs in Romania, and personal archives donated by some of the country\u2019s most iconic theatre artists.<\/p>\n<!-- \/wp:paragraph -->\n\n<!-- wp:paragraph -->\n<p>These materials, documenting Romanian theatre from the 1940s to the present, are preserved in optimal conditions and are currently being digitized to ensure long-term access and conservation.<\/p>\n<!-- \/wp:paragraph -->\n\n<!-- wp:paragraph -->\n<p>The collection\u2019s future is ambitious: we are building a unified database\u2014\u201cthe database to rule them all\u201d\u2014designed to connect and unlock the full potential of these resources. Additionally, we aim to make this archive an essential tool for student education, helping them understand and experience Romanian theatre history beyond the pages of textbooks.<\/p>\n<!-- \/wp:paragraph -->\n\n<!-- wp:paragraph -->\n<p>Researchers and enthusiasts are welcome to consult the materials onsite or request access to the digitized versions.<\/p>\n<!-- \/wp:paragraph -->","_en_post_name":"","_en_post_excerpt":"","_en_post_title":"IOAN MASSOFF COLLECTION","_hu_post_content":"","_hu_post_name":"","_hu_post_excerpt":"","_hu_post_title":"","edit_language":"hu","footnotes":""},"class_list":["post-156","page","type-page","status-publish","hentry"],"blocksy_meta":[],"_links":{"self":[{"href":"https:\/\/www.ldtd.ro\/hu\/wp-json\/wp\/v2\/pages\/156","targetHints":{"allow":["GET"]}}],"collection":[{"href":"https:\/\/www.ldtd.ro\/hu\/wp-json\/wp\/v2\/pages"}],"about":[{"href":"https:\/\/www.ldtd.ro\/hu\/wp-json\/wp\/v2\/types\/page"}],"author":[{"embeddable":true,"href":"https:\/\/www.ldtd.ro\/hu\/wp-json\/wp\/v2\/users\/1"}],"replies":[{"embeddable":true,"href":"https:\/\/www.ldtd.ro\/hu\/wp-json\/wp\/v2\/comments?post=156"}],"version-history":[{"count":5,"href":"https:\/\/www.ldtd.ro\/hu\/wp-json\/wp\/v2\/pages\/156\/revisions"}],"predecessor-version":[{"id":270,"href":"https:\/\/www.ldtd.ro\/hu\/wp-json\/wp\/v2\/pages\/156\/revisions\/270"}],"wp:attachment":[{"href":"https:\/\/www.ldtd.ro\/hu\/wp-json\/wp\/v2\/media?parent=156"}],"curies":[{"name":"wp","href":"https:\/\/api.w.org\/{rel}","templated":true}]}}