{"id":161,"date":"2022-05-27T13:45:56","date_gmt":"2022-05-27T13:45:56","guid":{"rendered":"https:\/\/www.ldtd.ro\/?page_id=161"},"modified":"2025-05-25T14:11:00","modified_gmt":"2025-05-25T14:11:00","slug":"","status":"publish","type":"page","link":"https:\/\/www.ldtd.ro\/hu\/colectia-ioan-massoff\/fondul-ileana-berlogea\/","title":{"rendered":"","raw":""},"content":{"rendered":"","protected":false,"raw":""},"excerpt":{"rendered":"","protected":false,"raw":""},"author":1,"featured_media":0,"parent":156,"menu_order":0,"comment_status":"closed","ping_status":"closed","template":"","meta":{"_ro_post_content":"<!-- wp:image {\"id\":162,\"sizeSlug\":\"medium\",\"linkDestination\":\"none\",\"align\":\"left\"} -->\n<figure class=\"wp-block-image alignleft size-medium\"><img src=\"https:\/\/www.ldtd.ro\/wp-content\/uploads\/2022\/05\/Ileana-Berlogea-232x300.png\" alt=\"\" class=\"wp-image-162\"\/><\/figure>\n<!-- \/wp:image -->\n\n<!-- wp:paragraph -->\n<p>Fondul, primit prin generoasa dona\u021bie a Anc\u0103i Berlogea (Ana Boariu),  con\u021bine colec\u021bia personal\u0103 de caiete program, afi\u0219e \u0219i publica\u021bii a criticului, istoricului \u0219i profesorului <a href=\"https:\/\/www.dmtr.ro\/artist\/berlogea-ileana\/\" data-type=\"URL\" data-id=\"https:\/\/www.dmtr.ro\/artist\/berlogea-ileana\/\">Ileana Berlogea<\/a>. Adunate cu prec\u0103dere \u00eentre anii 1950-1980, cele peste cinci sute de materiale reprezint\u0103 o oglind\u0103 fascinant\u0103 a teatrului din Rom\u00e2nia, pe l\u00e2ng\u0103 caietele program ale marilor spectacole, r\u0103mase legendare, incluz\u00e2nd \u0219i documente referitoare la spectacole ale trupelor de amatori sau la spectacole str\u0103ine, venite \u00een turneu.<\/p>\n<!-- \/wp:paragraph -->\n\n<!-- wp:paragraph -->\n<p><\/p>\n<!-- \/wp:paragraph -->\n\n<!-- wp:paragraph -->\n<p><\/p>\n<!-- \/wp:paragraph -->\n\n<!-- wp:paragraph -->\n<p>::: <a href=\"https:\/\/www.ldtd.ro\/wp-content\/uploads\/2023\/10\/FISA-INVENTAR-FONDUL-ILEANA-BERLOGEA-FINAL.pdf\" data-type=\"link\" data-id=\"https:\/\/www.ldtd.ro\/wp-content\/uploads\/2023\/10\/FISA-INVENTAR-FONDUL-ILEANA-BERLOGEA-FINAL.pdf\" target=\"_blank\" rel=\"noreferrer noopener\">Inventarul fondului - Caiete program<\/a> :::<\/p>\n<!-- \/wp:paragraph -->\n\n<!-- wp:paragraph -->\n<p><\/p>\n<!-- \/wp:paragraph -->","_ro_post_name":"fondul-ileana-berlogea","_ro_post_excerpt":"","_ro_post_title":"Fondul Ileana Berlogea","_en_post_content":"<!-- wp:image {\"align\":\"left\",\"id\":162,\"sizeSlug\":\"medium\",\"linkDestination\":\"none\"} -->\n<figure class=\"wp-block-image alignleft size-medium\"><img src=\"https:\/\/www.ldtd.ro\/wp-content\/uploads\/2022\/05\/Ileana-Berlogea-232x300.png\" alt=\"\" class=\"wp-image-162\"\/><\/figure>\n<!-- \/wp:image -->\n\n<!-- wp:paragraph -->\n<p>The fund, received through the generous donation of Anca Berlogea (Ana Boariu), contains the personal collection of programs, posters and publications of theatre critic, historian and professor Ileana Berlogea. Collected mainly between 1950 and 1990, the more than five hundred items represent a fascinating mirror of Romanian theatre, including, in addition to the programs of the great performances that have become legendary, documents relating to performances by amateur troupes or foreign performances on tour.<\/p>\n<!-- \/wp:paragraph -->","_en_post_name":"","_en_post_excerpt":"","_en_post_title":"Ileana Berlogea Fund","_hu_post_content":"","_hu_post_name":"","_hu_post_excerpt":"","_hu_post_title":"","edit_language":"hu","footnotes":""},"class_list":["post-161","page","type-page","status-publish","hentry"],"blocksy_meta":[],"_links":{"self":[{"href":"https:\/\/www.ldtd.ro\/hu\/wp-json\/wp\/v2\/pages\/161","targetHints":{"allow":["GET"]}}],"collection":[{"href":"https:\/\/www.ldtd.ro\/hu\/wp-json\/wp\/v2\/pages"}],"about":[{"href":"https:\/\/www.ldtd.ro\/hu\/wp-json\/wp\/v2\/types\/page"}],"author":[{"embeddable":true,"href":"https:\/\/www.ldtd.ro\/hu\/wp-json\/wp\/v2\/users\/1"}],"replies":[{"embeddable":true,"href":"https:\/\/www.ldtd.ro\/hu\/wp-json\/wp\/v2\/comments?post=161"}],"version-history":[{"count":6,"href":"https:\/\/www.ldtd.ro\/hu\/wp-json\/wp\/v2\/pages\/161\/revisions"}],"predecessor-version":[{"id":261,"href":"https:\/\/www.ldtd.ro\/hu\/wp-json\/wp\/v2\/pages\/161\/revisions\/261"}],"up":[{"embeddable":true,"href":"https:\/\/www.ldtd.ro\/hu\/wp-json\/wp\/v2\/pages\/156"}],"wp:attachment":[{"href":"https:\/\/www.ldtd.ro\/hu\/wp-json\/wp\/v2\/media?parent=161"}],"curies":[{"name":"wp","href":"https:\/\/api.w.org\/{rel}","templated":true}]}}