{"id":167,"date":"2022-05-27T14:58:33","date_gmt":"2022-05-27T14:58:33","guid":{"rendered":"https:\/\/www.ldtd.ro\/?page_id=167"},"modified":"2025-05-25T14:10:34","modified_gmt":"2025-05-25T14:10:34","slug":"","status":"publish","type":"page","link":"https:\/\/www.ldtd.ro\/hu\/colectia-ioan-massoff\/fondul-florica-ichim\/","title":{"rendered":"","raw":""},"content":{"rendered":"","protected":false,"raw":""},"excerpt":{"rendered":"","protected":false,"raw":""},"author":1,"featured_media":0,"parent":156,"menu_order":0,"comment_status":"closed","ping_status":"closed","template":"","meta":{"_ro_post_content":"<!-- wp:image {\"id\":168,\"sizeSlug\":\"medium\",\"linkDestination\":\"none\",\"align\":\"left\"} -->\n<figure class=\"wp-block-image alignleft size-medium\"><img src=\"https:\/\/www.ldtd.ro\/wp-content\/uploads\/2022\/05\/Florica-Ichim-224x300.png\" alt=\"\" class=\"wp-image-168\"\/><\/figure>\n<!-- \/wp:image -->\n\n<!-- wp:paragraph -->\n<p>Fondul <a href=\"https:\/\/www.dmtr.ro\/artist\/ichim-florica\/\" target=\"_blank\" rel=\"noreferrer noopener\">Florica Ichim<\/a>, primit prin generozitatea fiicelor domniei sale, Ada-Maria Ichim \u0219i Ioana Anghel, con\u021bine colec\u021bia personal\u0103 de caiete program, afi\u0219e, fotografii \u0219i manuscrise, m\u0103rturie a muncii de o via\u021b\u0103 a unuia dintre criticii, cercet\u0103torii \u0219i editorii legendari ai teatrului rom\u00e2nesc. \u00cen acest moment, fondul se afl\u0103 \u00een proces de inventariere.<\/p>\n<!-- \/wp:paragraph -->","_ro_post_name":"fondul-florica-ichim","_ro_post_excerpt":"","_ro_post_title":"Fondul Florica Ichim","_en_post_content":"<!-- wp:image {\"align\":\"left\",\"id\":169,\"sizeSlug\":\"medium\",\"linkDestination\":\"none\"} -->\n<figure class=\"wp-block-image alignleft size-medium\"><img src=\"https:\/\/www.ldtd.ro\/wp-content\/uploads\/2022\/05\/Florica-Ichim-1-224x300.png\" alt=\"\" class=\"wp-image-169\"\/><\/figure>\n<!-- \/wp:image -->\n\n<!-- wp:paragraph -->\n<p>The Florica Ichim Fund, received through the generosity of her daughters Ada-Maria Ichim and Ioana Anghel, contains her personal collection of program notebooks, posters, photographs and manuscripts, testimony to the life's work of one of the legendary critics, researchers and publishers of Romanian theatre. The collection is currently being inventoried.<\/p>\n<!-- \/wp:paragraph -->","_en_post_name":"","_en_post_excerpt":"","_en_post_title":"Florica Ichim Fund","_hu_post_content":"","_hu_post_name":"","_hu_post_excerpt":"","_hu_post_title":"","edit_language":"hu","footnotes":""},"class_list":["post-167","page","type-page","status-publish","hentry"],"blocksy_meta":[],"_links":{"self":[{"href":"https:\/\/www.ldtd.ro\/hu\/wp-json\/wp\/v2\/pages\/167","targetHints":{"allow":["GET"]}}],"collection":[{"href":"https:\/\/www.ldtd.ro\/hu\/wp-json\/wp\/v2\/pages"}],"about":[{"href":"https:\/\/www.ldtd.ro\/hu\/wp-json\/wp\/v2\/types\/page"}],"author":[{"embeddable":true,"href":"https:\/\/www.ldtd.ro\/hu\/wp-json\/wp\/v2\/users\/1"}],"replies":[{"embeddable":true,"href":"https:\/\/www.ldtd.ro\/hu\/wp-json\/wp\/v2\/comments?post=167"}],"version-history":[{"count":3,"href":"https:\/\/www.ldtd.ro\/hu\/wp-json\/wp\/v2\/pages\/167\/revisions"}],"predecessor-version":[{"id":260,"href":"https:\/\/www.ldtd.ro\/hu\/wp-json\/wp\/v2\/pages\/167\/revisions\/260"}],"up":[{"embeddable":true,"href":"https:\/\/www.ldtd.ro\/hu\/wp-json\/wp\/v2\/pages\/156"}],"wp:attachment":[{"href":"https:\/\/www.ldtd.ro\/hu\/wp-json\/wp\/v2\/media?parent=167"}],"curies":[{"name":"wp","href":"https:\/\/api.w.org\/{rel}","templated":true}]}}