{"id":179,"date":"2023-10-16T14:23:59","date_gmt":"2023-10-16T14:23:59","guid":{"rendered":"https:\/\/www.ldtd.ro\/?page_id=179"},"modified":"2023-10-16T15:02:14","modified_gmt":"2023-10-16T15:02:14","slug":"","status":"publish","type":"page","link":"https:\/\/www.ldtd.ro\/hu\/biblioteca-ldtd\/","title":{"rendered":"K\u00f6nyvt\u00e1r","raw":"K\u00f6nyvt\u00e1r"},"content":{"rendered":"\n<div class=\"wp-block-media-text is-stacked-on-mobile\"><figure class=\"wp-block-media-text__media\"><img loading=\"lazy\" decoding=\"async\" width=\"1024\" height=\"772\" src=\"https:\/\/www.ldtd.ro\/wp-content\/uploads\/2023\/10\/bibm-1024x772.png\" alt=\"\" class=\"wp-image-190 size-full\" srcset=\"https:\/\/www.ldtd.ro\/wp-content\/uploads\/2023\/10\/bibm-1024x772.png 1024w, https:\/\/www.ldtd.ro\/wp-content\/uploads\/2023\/10\/bibm-300x226.png 300w, https:\/\/www.ldtd.ro\/wp-content\/uploads\/2023\/10\/bibm-768x579.png 768w, https:\/\/www.ldtd.ro\/wp-content\/uploads\/2023\/10\/bibm-1536x1158.png 1536w, https:\/\/www.ldtd.ro\/wp-content\/uploads\/2023\/10\/bibm-150x113.png 150w, https:\/\/www.ldtd.ro\/wp-content\/uploads\/2023\/10\/bibm.png 1950w\" sizes=\"auto, (max-width: 1024px) 100vw, 1024px\" \/><\/figure><div class=\"wp-block-media-text__content\">\n<p>A Laborat\u00f3rium k\u00f6nyvt\u00e1ra sz\u00ednh\u00e1zak \u00e9s m\u0171v\u00e9szek fizikai vagy digit\u00e1lis form\u00e1tum\u00fa monogr\u00e1fi\u00e1it, valamint a mai rom\u00e1niai sz\u00ednh\u00e1zt\u00f6rt\u00e9net adatsorait gy\u0171jti \u00f6ssze.&nbsp;<\/p>\n\n\n\n<p>A nyomtatott k\u00f6tetek kiz\u00e1r\u00f3lag a laborat\u00f3rium k\u00f6nyvt\u00e1r\u00e1ban, el\u0151zetes id\u0151pont egyeztet\u00e9st k\u00f6vet\u0151en megtekinthet\u0151k.<\/p>\n<\/div><\/div>\n","protected":false,"raw":"<!-- wp:media-text {\"mediaId\":190,\"mediaLink\":\"https:\/\/www.ldtd.ro\/hu\/biblioteca-ldtd\/bibm\/\",\"mediaType\":\"image\"} -->\n<div class=\"wp-block-media-text is-stacked-on-mobile\"><figure class=\"wp-block-media-text__media\"><img src=\"https:\/\/www.ldtd.ro\/wp-content\/uploads\/2023\/10\/bibm-1024x772.png\" alt=\"\" class=\"wp-image-190 size-full\"\/><\/figure><div class=\"wp-block-media-text__content\"><!-- wp:paragraph -->\n<p>A Laborat\u00f3rium k\u00f6nyvt\u00e1ra sz\u00ednh\u00e1zak \u00e9s m\u0171v\u00e9szek fizikai vagy digit\u00e1lis form\u00e1tum\u00fa monogr\u00e1fi\u00e1it, valamint a mai rom\u00e1niai sz\u00ednh\u00e1zt\u00f6rt\u00e9net adatsorait gy\u0171jti \u00f6ssze.&nbsp;<\/p>\n<!-- \/wp:paragraph -->\n\n<!-- wp:paragraph -->\n<p>A nyomtatott k\u00f6tetek kiz\u00e1r\u00f3lag a laborat\u00f3rium k\u00f6nyvt\u00e1r\u00e1ban, el\u0151zetes id\u0151pont egyeztet\u00e9st k\u00f6vet\u0151en megtekinthet\u0151k.<\/p>\n<!-- \/wp:paragraph --><\/div><\/div>\n<!-- \/wp:media-text -->"},"excerpt":{"rendered":"","protected":false,"raw":""},"author":1,"featured_media":0,"parent":0,"menu_order":0,"comment_status":"closed","ping_status":"closed","template":"","meta":{"_ro_post_content":"<!-- wp:paragraph -->\n<p><\/p>\n<!-- \/wp:paragraph -->\n\n<!-- wp:media-text {\"mediaId\":190,\"mediaLink\":\"https:\/\/www.ldtd.ro\/biblioteca-ldtd\/bibm\/\",\"mediaType\":\"image\"} -->\n<div class=\"wp-block-media-text is-stacked-on-mobile\"><figure class=\"wp-block-media-text__media\"><img src=\"https:\/\/www.ldtd.ro\/wp-content\/uploads\/2023\/10\/bibm-1024x772.png\" alt=\"\" class=\"wp-image-190 size-full\"\/><\/figure><div class=\"wp-block-media-text__content\"><!-- wp:paragraph {\"placeholder\":\"Con\u021binut...\"} -->\n<p>Biblioteca Laboratorului reune\u0219te monografii de teatre \u0219i arti\u0219ti \u00een format fizic sau digital, precum \u0219i seturi de date privind istoria teatrului de pe teritoriul actual al Rom\u00e2niei. Volumele tip\u0103rite sunt disponibile spre consultare doar la sediu, prin programare prealabil\u0103.<\/p>\n<!-- \/wp:paragraph --><\/div><\/div>\n<!-- \/wp:media-text -->\n\n<!-- wp:paragraph -->\n<p>::: <a href=\"https:\/\/www.ldtd.ro\/wp-content\/uploads\/2023\/10\/BibLDTD.pdf\" target=\"_blank\" rel=\"noreferrer noopener\">Monografii tip\u0103rite<\/a> :::<\/p>\n<!-- \/wp:paragraph -->\n\n<!-- wp:paragraph -->\n<p>::: Seturi de date :::<\/p>\n<!-- \/wp:paragraph -->","_ro_post_name":"biblioteca-ldtd","_ro_post_excerpt":"","_ro_post_title":"Biblioteca LTD","_en_post_content":"<!-- wp:media-text {\"mediaId\":190,\"mediaLink\":\"https:\/\/www.ldtd.ro\/en\/biblioteca-ldtd\/bibm\/\",\"mediaType\":\"image\"} -->\n<div class=\"wp-block-media-text is-stacked-on-mobile\"><figure class=\"wp-block-media-text__media\"><img src=\"https:\/\/www.ldtd.ro\/wp-content\/uploads\/2023\/10\/bibm-1024x772.png\" alt=\"\" class=\"wp-image-190 size-full\"\/><\/figure><div class=\"wp-block-media-text__content\"><!-- wp:paragraph {\"placeholder\":\"Con\u021binut...\"} -->\n<p>The Laboratory's library gathers monographs of theaters and artists in physical or digital format, as well as data sets on the history of theater in the current territory of Romania. The printed volumes are available for consultation only at the headquarters, by prior appointment.<\/p>\n<!-- \/wp:paragraph --><\/div><\/div>\n<!-- \/wp:media-text -->","_en_post_name":"","_en_post_excerpt":"","_en_post_title":"Library","_hu_post_content":"<!-- wp:media-text {\"mediaId\":190,\"mediaLink\":\"https:\/\/www.ldtd.ro\/hu\/biblioteca-ldtd\/bibm\/\",\"mediaType\":\"image\"} -->\n<div class=\"wp-block-media-text is-stacked-on-mobile\"><figure class=\"wp-block-media-text__media\"><img src=\"https:\/\/www.ldtd.ro\/wp-content\/uploads\/2023\/10\/bibm-1024x772.png\" alt=\"\" class=\"wp-image-190 size-full\"\/><\/figure><div class=\"wp-block-media-text__content\"><!-- wp:paragraph -->\n<p>A Laborat\u00f3rium k\u00f6nyvt\u00e1ra sz\u00ednh\u00e1zak \u00e9s m\u0171v\u00e9szek fizikai vagy digit\u00e1lis form\u00e1tum\u00fa monogr\u00e1fi\u00e1it, valamint a mai rom\u00e1niai sz\u00ednh\u00e1zt\u00f6rt\u00e9net adatsorait gy\u0171jti \u00f6ssze.&nbsp;<\/p>\n<!-- \/wp:paragraph -->\n\n<!-- wp:paragraph -->\n<p>A nyomtatott k\u00f6tetek kiz\u00e1r\u00f3lag a laborat\u00f3rium k\u00f6nyvt\u00e1r\u00e1ban, el\u0151zetes id\u0151pont egyeztet\u00e9st k\u00f6vet\u0151en megtekinthet\u0151k.<\/p>\n<!-- \/wp:paragraph --><\/div><\/div>\n<!-- \/wp:media-text -->","_hu_post_name":"","_hu_post_excerpt":"","_hu_post_title":"K\u00f6nyvt\u00e1r","edit_language":"hu","footnotes":""},"class_list":["post-179","page","type-page","status-publish","hentry"],"blocksy_meta":[],"_links":{"self":[{"href":"https:\/\/www.ldtd.ro\/hu\/wp-json\/wp\/v2\/pages\/179","targetHints":{"allow":["GET"]}}],"collection":[{"href":"https:\/\/www.ldtd.ro\/hu\/wp-json\/wp\/v2\/pages"}],"about":[{"href":"https:\/\/www.ldtd.ro\/hu\/wp-json\/wp\/v2\/types\/page"}],"author":[{"embeddable":true,"href":"https:\/\/www.ldtd.ro\/hu\/wp-json\/wp\/v2\/users\/1"}],"replies":[{"embeddable":true,"href":"https:\/\/www.ldtd.ro\/hu\/wp-json\/wp\/v2\/comments?post=179"}],"version-history":[{"count":6,"href":"https:\/\/www.ldtd.ro\/hu\/wp-json\/wp\/v2\/pages\/179\/revisions"}],"predecessor-version":[{"id":191,"href":"https:\/\/www.ldtd.ro\/hu\/wp-json\/wp\/v2\/pages\/179\/revisions\/191"}],"wp:attachment":[{"href":"https:\/\/www.ldtd.ro\/hu\/wp-json\/wp\/v2\/media?parent=179"}],"curies":[{"name":"wp","href":"https:\/\/api.w.org\/{rel}","templated":true}]}}