{"id":272,"date":"2025-05-25T15:48:59","date_gmt":"2025-05-25T15:48:59","guid":{"rendered":"https:\/\/www.ldtd.ro\/?page_id=272"},"modified":"2025-05-25T15:52:11","modified_gmt":"2025-05-25T15:52:11","slug":"","status":"publish","type":"page","link":"https:\/\/www.ldtd.ro\/hu\/proiecte\/fototeca\/","title":{"rendered":"","raw":""},"content":{"rendered":"\n<div class=\"wp-block-media-text is-stacked-on-mobile\"><figure class=\"wp-block-media-text__media\"><img loading=\"lazy\" decoding=\"async\" width=\"514\" height=\"462\" src=\"https:\/\/www.ldtd.ro\/wp-content\/uploads\/2024\/01\/fg.png\" alt=\"\" class=\"wp-image-195 size-full\" srcset=\"https:\/\/www.ldtd.ro\/wp-content\/uploads\/2024\/01\/fg.png 514w, https:\/\/www.ldtd.ro\/wp-content\/uploads\/2024\/01\/fg-300x270.png 300w, https:\/\/www.ldtd.ro\/wp-content\/uploads\/2024\/01\/fg-150x135.png 150w\" sizes=\"auto, (max-width: 514px) 100vw, 514px\" \/><\/figure><div class=\"wp-block-media-text__content\">\n<h2 class=\"wp-block-heading\"><strong>FOT\u00d3T\u00c1R<\/strong><\/h2>\n\n\n\n<p><a href=\"https:\/\/www.ldtd.ro\/fg\">::: LINK :::<\/a><\/p>\n\n\n\n<p>A Fot\u00f3t\u00e1r c\u00e9lja a Rom\u00e1nia ter\u00fclet\u00e9r\u0151l, f\u0151k\u00e9nt a kommunista id\u0151szakb\u00f3l sz\u00e1rmaz\u00f3 (1948-1989) sz\u00ednh\u00e1zi fot\u00f3k indexel\u00e9se \u00e9s nyilv\u00e1ntart\u00e1sa. A teljes fot\u00f3gy\u0171jtem\u00e9ny forr\u00e1sa azonos\u00edtott \u00e9s lokaliz\u00e1lt. A nagy felbont\u00e1s\u00fa digitaliz\u00e1lt v\u00e1ltozatok oktat\u00e1si vagy kutat\u00e1si c\u00e9lra ig\u00e9nyelhet\u0151k.&nbsp;A fot\u00f3k eredeti p\u00e9ld\u00e1nyai a sz\u00e9khelyen vehet\u0151k szem\u00fcgyre.<\/p>\n<\/div><\/div>\n","protected":false,"raw":"<!-- wp:media-text {\"mediaId\":195,\"mediaLink\":\"https:\/\/www.ldtd.ro\/hu\/proiecte\/fg\/\",\"mediaType\":\"image\"} -->\n<div class=\"wp-block-media-text is-stacked-on-mobile\"><figure class=\"wp-block-media-text__media\"><img src=\"https:\/\/www.ldtd.ro\/wp-content\/uploads\/2024\/01\/fg.png\" alt=\"\" class=\"wp-image-195 size-full\"\/><\/figure><div class=\"wp-block-media-text__content\"><!-- wp:heading -->\n<h2 class=\"wp-block-heading\"><strong>FOT\u00d3T\u00c1R<\/strong><\/h2>\n<!-- \/wp:heading -->\n\n<!-- wp:paragraph -->\n<p><a href=\"https:\/\/www.ldtd.ro\/fg\">::: LINK :::<\/a><\/p>\n<!-- \/wp:paragraph -->\n\n<!-- wp:paragraph -->\n<p>A Fot\u00f3t\u00e1r c\u00e9lja a Rom\u00e1nia ter\u00fclet\u00e9r\u0151l, f\u0151k\u00e9nt a kommunista id\u0151szakb\u00f3l sz\u00e1rmaz\u00f3 (1948-1989) sz\u00ednh\u00e1zi fot\u00f3k indexel\u00e9se \u00e9s nyilv\u00e1ntart\u00e1sa. A teljes fot\u00f3gy\u0171jtem\u00e9ny forr\u00e1sa azonos\u00edtott \u00e9s lokaliz\u00e1lt. A nagy felbont\u00e1s\u00fa digitaliz\u00e1lt v\u00e1ltozatok oktat\u00e1si vagy kutat\u00e1si c\u00e9lra ig\u00e9nyelhet\u0151k.&nbsp;A fot\u00f3k eredeti p\u00e9ld\u00e1nyai a sz\u00e9khelyen vehet\u0151k szem\u00fcgyre.<\/p>\n<!-- \/wp:paragraph --><\/div><\/div>\n<!-- \/wp:media-text -->"},"excerpt":{"rendered":"","protected":false,"raw":""},"author":1,"featured_media":0,"parent":77,"menu_order":0,"comment_status":"closed","ping_status":"closed","template":"","meta":{"_ro_post_content":"<!-- wp:media-text {\"mediaId\":195,\"mediaLink\":\"https:\/\/www.ldtd.ro\/proiecte\/fg\/\",\"mediaType\":\"image\"} -->\n<div class=\"wp-block-media-text is-stacked-on-mobile\"><figure class=\"wp-block-media-text__media\"><img src=\"https:\/\/www.ldtd.ro\/wp-content\/uploads\/2024\/01\/fg.png\" alt=\"\" class=\"wp-image-195 size-full\"\/><\/figure><div class=\"wp-block-media-text__content\"><!-- wp:heading -->\n<h2 class=\"wp-block-heading\"><strong>FOTOTECA<\/strong><\/h2>\n<!-- \/wp:heading -->\n\n<!-- wp:paragraph -->\n<p><a href=\"https:\/\/www.ldtd.ro\/fg\" target=\"_blank\" rel=\"noreferrer noopener\">::: LINK :::<\/a><\/p>\n<!-- \/wp:paragraph -->\n\n<!-- wp:paragraph -->\n<p>Fototeca Laboratorului indexeaz\u0103 fotografii de teatru de pe teritoriul Rom\u00e2niei, preponderent din perioada comunist\u0103 (1948-1989). Toate fotografiile sunt complet identificate \u0219i localizate. Versiunile digitizate la rezolu\u021bie mare sunt disponibile la cerere, pentru scopuri didactice sau de cercetare. Versiunile fizice ale fotografiilor sunt disponibile pentru consultare la sediu.<\/p>\n<!-- \/wp:paragraph --><\/div><\/div>\n<!-- \/wp:media-text -->","_ro_post_name":"fototeca","_ro_post_excerpt":"","_ro_post_title":"Fototeca","_en_post_content":"<!-- wp:media-text {\"mediaId\":195,\"mediaLink\":\"https:\/\/www.ldtd.ro\/en\/proiecte\/fg\/\",\"mediaType\":\"image\"} -->\n<div class=\"wp-block-media-text is-stacked-on-mobile\"><figure class=\"wp-block-media-text__media\"><img src=\"https:\/\/www.ldtd.ro\/wp-content\/uploads\/2024\/01\/fg.png\" alt=\"\" class=\"wp-image-195 size-full\"\/><\/figure><div class=\"wp-block-media-text__content\"><!-- wp:heading -->\n<h2 class=\"wp-block-heading\"><strong>PHOTO ARCHIVE<\/strong><\/h2>\n<!-- \/wp:heading -->\n\n<!-- wp:paragraph -->\n<p><a href=\"https:\/\/www.ldtd.ro\/fg\">::: LINK :::<\/a><\/p>\n<!-- \/wp:paragraph -->\n\n<!-- wp:paragraph -->\n<p>The Laboratory's Photo Archive indexes theater photographs from Romania, predominantly from the communist period (1948-1989). All photographs are fully identified and localized. Digitized versions at high resolution are available upon request for educational or research purposes. Physical copies of the photographs are available for consultation at the headquarters.<\/p>\n<!-- \/wp:paragraph --><\/div><\/div>\n<!-- \/wp:media-text -->","_en_post_name":"","_en_post_excerpt":"","_en_post_title":"Photo Archive","_hu_post_content":"<!-- wp:media-text {\"mediaId\":195,\"mediaLink\":\"https:\/\/www.ldtd.ro\/hu\/proiecte\/fg\/\",\"mediaType\":\"image\"} -->\n<div class=\"wp-block-media-text is-stacked-on-mobile\"><figure class=\"wp-block-media-text__media\"><img src=\"https:\/\/www.ldtd.ro\/wp-content\/uploads\/2024\/01\/fg.png\" alt=\"\" class=\"wp-image-195 size-full\"\/><\/figure><div class=\"wp-block-media-text__content\"><!-- wp:heading -->\n<h2 class=\"wp-block-heading\"><strong>FOT\u00d3T\u00c1R<\/strong><\/h2>\n<!-- \/wp:heading -->\n\n<!-- wp:paragraph -->\n<p><a href=\"https:\/\/www.ldtd.ro\/fg\">::: LINK :::<\/a><\/p>\n<!-- \/wp:paragraph -->\n\n<!-- wp:paragraph -->\n<p>A Fot\u00f3t\u00e1r c\u00e9lja a Rom\u00e1nia ter\u00fclet\u00e9r\u0151l, f\u0151k\u00e9nt a kommunista id\u0151szakb\u00f3l sz\u00e1rmaz\u00f3 (1948-1989) sz\u00ednh\u00e1zi fot\u00f3k indexel\u00e9se \u00e9s nyilv\u00e1ntart\u00e1sa. A teljes fot\u00f3gy\u0171jtem\u00e9ny forr\u00e1sa azonos\u00edtott \u00e9s lokaliz\u00e1lt. A nagy felbont\u00e1s\u00fa digitaliz\u00e1lt v\u00e1ltozatok oktat\u00e1si vagy kutat\u00e1si c\u00e9lra ig\u00e9nyelhet\u0151k.&nbsp;A fot\u00f3k eredeti p\u00e9ld\u00e1nyai a sz\u00e9khelyen vehet\u0151k szem\u00fcgyre.<\/p>\n<!-- \/wp:paragraph --><\/div><\/div>\n<!-- \/wp:media-text -->","_hu_post_name":"","_hu_post_excerpt":"","_hu_post_title":"","edit_language":"hu","footnotes":""},"class_list":["post-272","page","type-page","status-publish","hentry"],"blocksy_meta":{"has_hero_section":"disabled","styles_descriptor":{"styles":{"desktop":"","tablet":"","mobile":""},"google_fonts":[],"version":6}},"_links":{"self":[{"href":"https:\/\/www.ldtd.ro\/hu\/wp-json\/wp\/v2\/pages\/272","targetHints":{"allow":["GET"]}}],"collection":[{"href":"https:\/\/www.ldtd.ro\/hu\/wp-json\/wp\/v2\/pages"}],"about":[{"href":"https:\/\/www.ldtd.ro\/hu\/wp-json\/wp\/v2\/types\/page"}],"author":[{"embeddable":true,"href":"https:\/\/www.ldtd.ro\/hu\/wp-json\/wp\/v2\/users\/1"}],"replies":[{"embeddable":true,"href":"https:\/\/www.ldtd.ro\/hu\/wp-json\/wp\/v2\/comments?post=272"}],"version-history":[{"count":3,"href":"https:\/\/www.ldtd.ro\/hu\/wp-json\/wp\/v2\/pages\/272\/revisions"}],"predecessor-version":[{"id":275,"href":"https:\/\/www.ldtd.ro\/hu\/wp-json\/wp\/v2\/pages\/272\/revisions\/275"}],"up":[{"embeddable":true,"href":"https:\/\/www.ldtd.ro\/hu\/wp-json\/wp\/v2\/pages\/77"}],"wp:attachment":[{"href":"https:\/\/www.ldtd.ro\/hu\/wp-json\/wp\/v2\/media?parent=272"}],"curies":[{"name":"wp","href":"https:\/\/api.w.org\/{rel}","templated":true}]}}