{"id":7,"date":"2021-09-19T08:07:03","date_gmt":"2021-09-19T08:07:03","guid":{"rendered":"https:\/\/www.ldtd.ro\/?page_id=7"},"modified":"2025-05-25T15:32:25","modified_gmt":"2025-05-25T15:32:25","slug":"","status":"publish","type":"page","link":"https:\/\/www.ldtd.ro\/hu\/contact\/","title":{"rendered":"EL\u00c9RHET\u0150S\u00c9G","raw":"EL\u00c9RHET\u0150S\u00c9G"},"content":{"rendered":"","protected":false,"raw":""},"excerpt":{"rendered":"","protected":false,"raw":""},"author":1,"featured_media":0,"parent":0,"menu_order":0,"comment_status":"closed","ping_status":"closed","template":"","meta":{"_ro_post_content":"<!-- wp:paragraph {\"align\":\"center\"} -->\n<p class=\"has-text-align-center\">Universitatea Babe\u0219-Bolyai<br>Facultatea de Teatru \u0219i Film<br><br><strong>Laboratorul de Teatrologie Digital\u0103<\/strong><\/p>\n<!-- \/wp:paragraph -->\n\n<!-- wp:paragraph {\"align\":\"center\"} -->\n<p class=\"has-text-align-center\">Str. Mihail Kog\u0103lniceanu, nr. 4, sala 12<br>Cluj-Napoca, Rom\u00e2nia<\/p>\n<!-- \/wp:paragraph -->\n\n<!-- wp:paragraph -->\n<p><\/p>\n<!-- \/wp:paragraph -->","_ro_post_name":"contact","_ro_post_excerpt":"","_ro_post_title":"CONTACT","_en_post_content":"","_en_post_name":"","_en_post_excerpt":"","_en_post_title":"CONTACT","_hu_post_content":"","_hu_post_name":"","_hu_post_excerpt":"","_hu_post_title":"EL\u00c9RHET\u0150S\u00c9G","edit_language":"hu","footnotes":""},"class_list":["post-7","page","type-page","status-publish","hentry"],"blocksy_meta":{"has_hero_section":"disabled","styles_descriptor":{"styles":{"desktop":"","tablet":"","mobile":""},"google_fonts":[],"version":6}},"_links":{"self":[{"href":"https:\/\/www.ldtd.ro\/hu\/wp-json\/wp\/v2\/pages\/7","targetHints":{"allow":["GET"]}}],"collection":[{"href":"https:\/\/www.ldtd.ro\/hu\/wp-json\/wp\/v2\/pages"}],"about":[{"href":"https:\/\/www.ldtd.ro\/hu\/wp-json\/wp\/v2\/types\/page"}],"author":[{"embeddable":true,"href":"https:\/\/www.ldtd.ro\/hu\/wp-json\/wp\/v2\/users\/1"}],"replies":[{"embeddable":true,"href":"https:\/\/www.ldtd.ro\/hu\/wp-json\/wp\/v2\/comments?post=7"}],"version-history":[{"count":3,"href":"https:\/\/www.ldtd.ro\/hu\/wp-json\/wp\/v2\/pages\/7\/revisions"}],"predecessor-version":[{"id":271,"href":"https:\/\/www.ldtd.ro\/hu\/wp-json\/wp\/v2\/pages\/7\/revisions\/271"}],"wp:attachment":[{"href":"https:\/\/www.ldtd.ro\/hu\/wp-json\/wp\/v2\/media?parent=7"}],"curies":[{"name":"wp","href":"https:\/\/api.w.org\/{rel}","templated":true}]}}