{"id":71,"date":"2021-09-22T20:50:19","date_gmt":"2021-09-22T20:50:19","guid":{"rendered":"https:\/\/www.ldtd.ro\/?page_id=71"},"modified":"2025-05-25T15:09:26","modified_gmt":"2025-05-25T15:09:26","slug":"","status":"publish","type":"page","link":"https:\/\/www.ldtd.ro\/hu\/echipa\/","title":{"rendered":"CSAPAT","raw":"CSAPAT"},"content":{"rendered":"","protected":false,"raw":""},"excerpt":{"rendered":"","protected":false,"raw":""},"author":1,"featured_media":0,"parent":0,"menu_order":0,"comment_status":"closed","ping_status":"closed","template":"","meta":{"_ro_post_content":"<!-- wp:media-text {\"mediaId\":109,\"mediaLink\":\"https:\/\/www.ldtd.ro\/echipa\/mp-2\/\",\"mediaType\":\"image\",\"mediaWidth\":20} -->\n<div class=\"wp-block-media-text is-stacked-on-mobile\" style=\"grid-template-columns:20% auto\"><figure class=\"wp-block-media-text__media\"><img src=\"https:\/\/www.ldtd.ro\/wp-content\/uploads\/2021\/09\/MP-2-1024x1024.png\" alt=\"\" class=\"wp-image-109 size-full\"\/><\/figure><div class=\"wp-block-media-text__content\"><!-- wp:paragraph {\"placeholder\":\"Con\u021binut...\",\"fontSize\":\"medium\"} -->\n<p class=\"has-medium-font-size\">Mihai Pedestru este critic \u0219i semiotician teatral, interesat de teorie critic\u0103, de etica practicilor artistice, precum \u0219i de utilizarea tehnologiei pentru a cataloga, analiza, \u00een\u021belege \u0219i demantela textele \u0219i metatextele artelor performative.<\/p>\n<!-- \/wp:paragraph -->\n\n<!-- wp:paragraph {\"fontSize\":\"medium\"} -->\n<p class=\"has-medium-font-size\">Convins de faptul c\u0103 informa\u021bia vrea, poate \u0219i trebuie s\u0103 fie liber\u0103, promoveaz\u0103 cercetarea teatrologic\u0103 fundamentat\u0103 pe date, construc\u021bia de corpusuri \u0219i seturi de date deschise \u0219i practicile din sfera umanioarelor digitale.<\/p>\n<!-- \/wp:paragraph -->\n\n<!-- wp:paragraph {\"placeholder\":\"Con\u021binut...\",\"fontSize\":\"medium\"} -->\n<p class=\"has-medium-font-size\">Doctor \u00een Teatru (din 2012), cu o tez\u0103 despre influen\u021ba noilor tehnologii asupra publicurilor de teatru.<\/p>\n<!-- \/wp:paragraph --><\/div><\/div>\n<!-- \/wp:media-text -->\n\n<!-- wp:columns -->\n<div class=\"wp-block-columns\"><!-- wp:column -->\n<div class=\"wp-block-column\"><!-- wp:media-text {\"mediaId\":109,\"mediaLink\":\"https:\/\/www.ldtd.ro\/echipa\/mp-2\/\",\"mediaType\":\"image\",\"mediaSizeSlug\":\"medium\",\"verticalAlignment\":\"center\"} -->\n<div class=\"wp-block-media-text is-stacked-on-mobile is-vertically-aligned-center\"><figure class=\"wp-block-media-text__media\"><img src=\"https:\/\/www.ldtd.ro\/wp-content\/uploads\/2021\/09\/MP-2-300x300.png\" alt=\"\" class=\"wp-image-109 size-medium\"\/><\/figure><div class=\"wp-block-media-text__content\"><!-- wp:paragraph {\"placeholder\":\"Con\u021binut...\",\"fontSize\":\"small\"} -->\n<p class=\"has-small-font-size\">Mihai Pedestru este critic \u0219i semiotician teatral, interesat de teorie critic\u0103, de etica practicilor artistice, precum \u0219i de utilizarea tehnologiei pentru a cataloga, analiza, \u00een\u021belege \u0219i demantela textele \u0219i metatextele artelor performative.<\/p>\n<!-- \/wp:paragraph -->\n\n<!-- wp:paragraph {\"fontSize\":\"small\"} -->\n<p class=\"has-small-font-size\">Convins de faptul c\u0103 informa\u021bia vrea, poate \u0219i trebuie s\u0103 fie liber\u0103, promoveaz\u0103 cercetarea teatrologic\u0103 fundamentat\u0103 pe date, construc\u021bia de corpusuri \u0219i seturi de date deschise \u0219i practicile din sfera umanioarelor digitale.<\/p>\n<!-- \/wp:paragraph -->\n\n<!-- wp:paragraph {\"placeholder\":\"Con\u021binut...\",\"fontSize\":\"small\"} -->\n<p class=\"has-small-font-size\">Doctor \u00een Teatru (din 2012), cu o tez\u0103 despre influen\u021ba noilor tehnologii asupra publicurilor de teatru.<\/p>\n<!-- \/wp:paragraph --><\/div><\/div>\n<!-- \/wp:media-text --><\/div>\n<!-- \/wp:column -->\n\n<!-- wp:column -->\n<div class=\"wp-block-column\"><!-- wp:media-text {\"mediaId\":120,\"mediaLink\":\"https:\/\/www.ldtd.ro\/echipa\/rsm-1\/\",\"mediaType\":\"image\",\"mediaSizeSlug\":\"medium\"} -->\n<div class=\"wp-block-media-text is-stacked-on-mobile\"><figure class=\"wp-block-media-text__media\"><img src=\"https:\/\/www.ldtd.ro\/wp-content\/uploads\/2021\/09\/RSM-1-300x300.png\" alt=\"\" class=\"wp-image-120 size-medium\"\/><\/figure><div class=\"wp-block-media-text__content\"><!-- wp:paragraph {\"placeholder\":\"Con\u021binut...\",\"fontSize\":\"small\"} -->\n<p class=\"has-small-font-size\">Raluca Sas-Marinescu este specializat\u0103 \u00een Prelucrarea textului de spectacol, Adaptare \u0219i Dramatizare, Scenaristic\u0103 de film \u0219i Scriitur\u0103 Dramaturgic\u0103 \u0219i este dramaturg.<\/p>\n<!-- \/wp:paragraph -->\n\n<!-- wp:paragraph {\"fontSize\":\"small\"} -->\n<p class=\"has-small-font-size\">Doctorat \u00een Teatru ob\u021binut la Universitatea Babe\u0219 Bolyai cu o tem\u0103 legat\u0103 de tehnicile \u0219i metodele contemporane de scriitur\u0103 dramaturgic\u0103.<\/p>\n<!-- \/wp:paragraph -->\n\n<!-- wp:paragraph {\"fontSize\":\"small\"} -->\n<p class=\"has-small-font-size\">Cerceteaz\u0103 \u00een domeniul Teatru \u0219i Artele Spectacolului, practica sa artistic\u0103 vizeaz\u0103 construc\u021bia de text original bazat pe metoda practicilor colaborative, \u00een paralel dezvolt\u0103 proiecte de scriere creativ\u0103 dedicate adolescen\u021bilor \u0219i se ocup\u0103 cu documentarea practicilor dramaturgice ale ultimilor dou\u0103zeci de ani.<\/p>\n<!-- \/wp:paragraph -->\n\n<!-- wp:paragraph {\"placeholder\":\"Con\u021binut...\"} -->\n<p><\/p>\n<!-- \/wp:paragraph --><\/div><\/div>\n<!-- \/wp:media-text --><\/div>\n<!-- \/wp:column --><\/div>\n<!-- \/wp:columns -->\n\n<!-- wp:paragraph -->\n<p><\/p>\n<!-- \/wp:paragraph -->","_ro_post_name":"echipa","_ro_post_excerpt":"","_ro_post_title":"ECHIPA","_en_post_content":"<!-- wp:columns -->\n<div class=\"wp-block-columns\"><!-- wp:column -->\n<div class=\"wp-block-column\"><!-- wp:image {\"id\":106,\"sizeSlug\":\"large\",\"linkDestination\":\"none\"} -->\n<figure class=\"wp-block-image size-large\"><img src=\"https:\/\/www.ldtd.ro\/wp-content\/uploads\/2021\/09\/BKA-1024x1024.png\" alt=\"\" class=\"wp-image-106\"\/><\/figure>\n<!-- \/wp:image -->\n\n<!-- wp:pb\/accordion-item {\"titleTag\":\"h6\",\"uuid\":7112} -->\n<div class=\"wp-block-pb-accordion-item c-accordion__item js-accordion-item no-js\" data-initially-open=\"false\" data-click-to-close=\"true\" data-auto-close=\"true\" data-scroll=\"false\" data-scroll-offset=\"0\"><h6 id=\"at-7112\" class=\"c-accordion__title js-accordion-controller\" role=\"button\"><strong>Katalin \u00c1gnes Bartha, PhD<\/strong><\/h6><div id=\"ac-7112\" class=\"c-accordion__content\"><!-- wp:paragraph -->\n<p>Katalin \u00c1gnes Bartha, Associate Professor, Deputy Dean of the Faculty of Theatre and Film of Babe\u0219-Bolyai University. She received her PhD degree from the Babe\u0219-Bolyai University (2007). <\/p>\n<!-- \/wp:paragraph -->\n\n<!-- wp:paragraph -->\n<p>She is currently a postdoctoral research fellow at the J\u00e1nos Bolyai J\u00e1nos Bolyai Research Fellowship of the Hungarian Academy of Sciences.Between 2007-2018 she was an associate lecturer at the Hungarian Institute of Literature at the Faculty of Arts of the BBU, and between 2003-2019 he was a researcher at the Szab\u00e9di Memorial House, coordinating research and academic projects related to 20th century Hungarian intellectuals in Romania. <\/p>\n<!-- \/wp:paragraph -->\n\n<!-- wp:paragraph -->\n<p>She has participated in several theatre studies research projects funded by the Hungarian Academy of Sciences. she has also published several studies on theatre culture in Central and Eastern Europe, edited several volumes on intercultural relations, theatre historiography and intellectual career histories, and edited a volume of critical sources. Her volumes include Shakespeare in Transylvania (19th century Hungarian reception), Argumentum, Bp., (2010) and A Nationality Publishing House in the Decades of Dictatorship (1969-1989), Polis-NKI, 2020.<\/p>\n<!-- \/wp:paragraph --><\/div><\/div>\n<!-- \/wp:pb\/accordion-item --><\/div>\n<!-- \/wp:column -->\n\n<!-- wp:column -->\n<div class=\"wp-block-column\"><!-- wp:image {\"id\":97,\"sizeSlug\":\"large\",\"linkDestination\":\"none\"} -->\n<figure class=\"wp-block-image size-large\"><img src=\"https:\/\/www.ldtd.ro\/wp-content\/uploads\/2021\/09\/AH-1024x1024.png\" alt=\"\" class=\"wp-image-97\"\/><\/figure>\n<!-- \/wp:image -->\n\n<!-- wp:pb\/accordion-item {\"titleTag\":\"h6\",\"uuid\":7113} -->\n<div class=\"wp-block-pb-accordion-item c-accordion__item js-accordion-item no-js\" data-initially-open=\"false\" data-click-to-close=\"true\" data-auto-close=\"true\" data-scroll=\"false\" data-scroll-offset=\"0\"><h6 id=\"at-7113\" class=\"c-accordion__title js-accordion-controller\" role=\"button\"><strong>Anca Ha\u021biegan, PhD<\/strong><\/h6><div id=\"ac-7113\" class=\"c-accordion__content\"><!-- wp:paragraph -->\n<p>Anca Ha\u021biegan specializes in the history of Romanian theatre.<\/p>\n<!-- \/wp:paragraph -->\n\n<!-- wp:paragraph -->\n<p>She completed her PhD in Philology at the \u201cBabe\u0219-Bolyai\u201d University with a thesis called <em>Theatricality and The Novel Under the Communist Regime<\/em> (2008).&nbsp;<\/p>\n<!-- \/wp:paragraph -->\n\n<!-- wp:paragraph -->\n<p>She researches about the history of Romanian theatre, the history of actresses, women and theatre, theatre and nation, theatre and Communism, theatre and literature, theatricality, etc.<\/p>\n<!-- \/wp:paragraph -->\n\n<!-- wp:paragraph -->\n<p>She is the author of&nbsp;<em>Diminea\u021ba actri\u021belor<\/em> [<em>Dawn of The Actresses<\/em>] (Ia\u0219i: Polirom, 2019) and <em>C\u0103r\u021bile omului dublu. Teatralitate \u0219i roman \u00een regimul comunist<\/em> [<em>The Books of The Double-Man. Theatricality and The Novel Under the Communist Regime<\/em>] (Cluj: Limes, 2010).&nbsp;<\/p>\n<!-- \/wp:paragraph --><\/div><\/div>\n<!-- \/wp:pb\/accordion-item --><\/div>\n<!-- \/wp:column -->\n\n<!-- wp:column -->\n<div class=\"wp-block-column\"><!-- wp:image {\"id\":109,\"sizeSlug\":\"large\",\"linkDestination\":\"none\"} -->\n<figure class=\"wp-block-image size-large\"><img src=\"https:\/\/www.ldtd.ro\/wp-content\/uploads\/2021\/09\/MP-2-1024x1024.png\" alt=\"\" class=\"wp-image-109\"\/><\/figure>\n<!-- \/wp:image -->\n\n<!-- wp:pb\/accordion-item {\"titleTag\":\"h6\",\"uuid\":7114} -->\n<div class=\"wp-block-pb-accordion-item c-accordion__item js-accordion-item no-js\" data-initially-open=\"false\" data-click-to-close=\"true\" data-auto-close=\"true\" data-scroll=\"false\" data-scroll-offset=\"0\"><h6 id=\"at-7114\" class=\"c-accordion__title js-accordion-controller\" role=\"button\"><strong>Mihai Pedestru, PhD<\/strong><\/h6><div id=\"ac-7114\" class=\"c-accordion__content\"><!-- wp:paragraph -->\n<p>Mihai Pedestru is a theatre critic and semiotician, interested in critical theory, art ethics, as well as in using technology to catalogue, analyse, understand, and subvert the texts and metatexts of performing arts.<\/p>\n<!-- \/wp:paragraph -->\n\n<!-- wp:paragraph -->\n<p>Firm believer that information wants to, can, and must be free, he promotes grounded theory approaches in theatre studies, the construction of open corpuses and data sets, and digital humanities practices.<\/p>\n<!-- \/wp:paragraph -->\n\n<!-- wp:paragraph -->\n<p>PhD in Theatre (since 2012) with a thesis on the influence of new technologies on theatre audiences.<\/p>\n<!-- \/wp:paragraph --><\/div><\/div>\n<!-- \/wp:pb\/accordion-item --><\/div>\n<!-- \/wp:column --><\/div>\n<!-- \/wp:columns -->\n\n<!-- wp:columns -->\n<div class=\"wp-block-columns\"><!-- wp:column -->\n<div class=\"wp-block-column\"><!-- wp:image {\"id\":120,\"sizeSlug\":\"large\",\"linkDestination\":\"none\"} -->\n<figure class=\"wp-block-image size-large\"><img src=\"https:\/\/www.ldtd.ro\/wp-content\/uploads\/2021\/09\/RSM-1-1024x1024.png\" alt=\"\" class=\"wp-image-120\"\/><\/figure>\n<!-- \/wp:image -->\n\n<!-- wp:pb\/accordion-item {\"titleTag\":\"h6\",\"uuid\":7115} -->\n<div class=\"wp-block-pb-accordion-item c-accordion__item js-accordion-item no-js\" data-initially-open=\"false\" data-click-to-close=\"true\" data-auto-close=\"true\" data-scroll=\"false\" data-scroll-offset=\"0\"><h6 id=\"at-7115\" class=\"c-accordion__title js-accordion-controller\" role=\"button\"><strong>Raluca Sas-Marinescu, PhD<\/strong><\/h6><div id=\"ac-7115\" class=\"c-accordion__content\"><!-- wp:paragraph -->\n<p>Raluca Sas-Marinescu specializes in Adaptation and Drama Writing, playwriting&nbsp; and script writing and she activates as dramaturg.&nbsp;&nbsp;&nbsp;<\/p>\n<!-- \/wp:paragraph -->\n\n<!-- wp:paragraph -->\n<p>He completed her PhD in Theatre at Babe\u0219 Bolyai University with a thesis concerning contemporary playwriting techniques and methods.&nbsp;<\/p>\n<!-- \/wp:paragraph -->\n\n<!-- wp:paragraph -->\n<p>Her research is focused on playwriting, narrative structure development and collaborative practice, her artistic practice is focus on developing scripts for stage together with an assemble, working on theatre making and devising methods. In the same time she is developing creative writing projects for teenagers and she is documenting last twenty years of drama writing.&nbsp;<\/p>\n<!-- \/wp:paragraph -->\n\n<!-- wp:paragraph -->\n<p>Her publications include: <em>Dramaturg and dramaturgy: methods, techniques and case studies<\/em> (Bucharest,&nbsp; Eikon, 2017), \u201eOnly Lovers left alive\u201d in <em>Survival guide<\/em> <em>for theatrologists <\/em>(Bucharest: Eikon, 2014), \u201eDramaturg and dramaturgy \u00een colective practice \u2013 definition and exemples\u201d, Symbolon, 2018, \u201eMozg\u00f3 dr\u00e1mairodalom \u2013 a sz\u00ednh\u00e1zi sz\u00f6veg \u00e1llapota Rom\u00e1ni\u00e1ban\u201d&nbsp; \u00een Sz\u00e9pirodalmi Figyel\u0151, Budapest, 2019.Her theatre production include a great number&nbsp; of performances like: <em>Occupy Yourself<\/em> (2015), <em>Reactring Cernob\u00eel <\/em>(2016) and <em>IntimIDateMe<\/em> (2018), Cluj Napoca, Varoterem Projekt, <em>The promise of a beautiful life (because of Chekov) <\/em>(2013) and <em>Vacuum<\/em> (2014), R\u00e2mnicu V\u00e2lcea, Anton Pann Theatre,<em> Fontana di Trevi<\/em> (2012) and <em>Midsummer Night\u2019s Dream<\/em> (2003) Satu Mare, North Theatre, <em>Antemporal.G<\/em> (2004) , State Theatre, Baia Mare.<\/p>\n<!-- \/wp:paragraph --><\/div><\/div>\n<!-- \/wp:pb\/accordion-item --><\/div>\n<!-- \/wp:column -->\n\n<!-- wp:column -->\n<div class=\"wp-block-column\"><\/div>\n<!-- \/wp:column -->\n\n<!-- wp:column -->\n<div class=\"wp-block-column\"><\/div>\n<!-- \/wp:column --><\/div>\n<!-- \/wp:columns -->","_en_post_name":"","_en_post_excerpt":"","_en_post_title":"TEAM","_hu_post_content":"","_hu_post_name":"","_hu_post_excerpt":"","_hu_post_title":"CSAPAT","edit_language":"hu","footnotes":""},"class_list":["post-71","page","type-page","status-publish","hentry"],"blocksy_meta":[],"_links":{"self":[{"href":"https:\/\/www.ldtd.ro\/hu\/wp-json\/wp\/v2\/pages\/71","targetHints":{"allow":["GET"]}}],"collection":[{"href":"https:\/\/www.ldtd.ro\/hu\/wp-json\/wp\/v2\/pages"}],"about":[{"href":"https:\/\/www.ldtd.ro\/hu\/wp-json\/wp\/v2\/types\/page"}],"author":[{"embeddable":true,"href":"https:\/\/www.ldtd.ro\/hu\/wp-json\/wp\/v2\/users\/1"}],"replies":[{"embeddable":true,"href":"https:\/\/www.ldtd.ro\/hu\/wp-json\/wp\/v2\/comments?post=71"}],"version-history":[{"count":20,"href":"https:\/\/www.ldtd.ro\/hu\/wp-json\/wp\/v2\/pages\/71\/revisions"}],"predecessor-version":[{"id":268,"href":"https:\/\/www.ldtd.ro\/hu\/wp-json\/wp\/v2\/pages\/71\/revisions\/268"}],"wp:attachment":[{"href":"https:\/\/www.ldtd.ro\/hu\/wp-json\/wp\/v2\/media?parent=71"}],"curies":[{"name":"wp","href":"https:\/\/api.w.org\/{rel}","templated":true}]}}